{"id":3586,"date":"2019-09-30T07:40:58","date_gmt":"2019-09-30T06:40:58","guid":{"rendered":"https:\/\/www.cheesebox.fr\/?page_id=3586"},"modified":"2019-09-30T07:59:12","modified_gmt":"2019-09-30T06:59:12","slug":"politique-des-cookies","status":"publish","type":"page","link":"https:\/\/www.cheesebox.fr\/?page_id=3586","title":{"rendered":"Politique des cookies"},"content":{"rendered":"\n<p><strong>Politique des cookies<\/strong><br> <strong>Services fournis<\/strong> : L\u2019ensemble des activit\u00e9s de la soci\u00e9t\u00e9 ainsi que ses informations sont pr\u00e9sent\u00e9s sur notre site www.cheesebox.frCheeseBox s\u2019efforce de fournir sur le site www.cheesebox.fr des informations aussi pr\u00e9cises que possible. les renseignements figurant sur le site www.cheesebox.fr ne sont pas exhaustifs et les photos non contractuelles. Ils sont donn\u00e9s sous r\u00e9serve de modifications ayant \u00e9t\u00e9 apport\u00e9es depuis leur mise en ligne. Par ailleurs, tous les informations indiqu\u00e9es sur le site www.cheesebox.fr sont donn\u00e9es \u00e0 titre indicatif, et sont susceptibles de changer ou d\u2019\u00e9voluer sans pr\u00e9avis.Limitation contractuelles sur les donn\u00e9es : Les informations contenues sur ce site sont aussi pr\u00e9cises que possible et le site remis \u00e0 jour \u00e0 diff\u00e9rentes p\u00e9riodes de l\u2019ann\u00e9e, mais peut toutefois contenir des inexactitudes ou des omissions. Si vous constatez une lacune, erreur ou ce qui parait \u00eatre un dysfonctionnement, merci de bien vouloir le signaler par email, en d\u00e9crivant le probl\u00e8me de la mani\u00e8re la plus pr\u00e9cise possible (page posant probl\u00e8me, type d\u2019ordinateur et de navigateur utilis\u00e9, \u2026).Tout contenu t\u00e9l\u00e9charg\u00e9 se fait aux risques et p\u00e9rils de l\u2019utilisateur et sous sa seule responsabilit\u00e9. En cons\u00e9quence, ne saurait \u00eatre tenu responsable d\u2019un quelconque dommage subi par l\u2019ordinateur de l\u2019utilisateur ou d\u2019une quelconque perte de donn\u00e9es cons\u00e9cutives au t\u00e9l\u00e9chargement. De plus, l\u2019utilisateur du site s\u2019engage \u00e0 acc\u00e9der au site en utilisant un mat\u00e9riel r\u00e9cent, ne contenant pas de virus et avec un navigateur de derni\u00e8re g\u00e9n\u00e9ration mis-\u00e0-jour.Les liens hypertextes mis en place dans le cadre du pr\u00e9sent site internet en direction d\u2019autres ressources pr\u00e9sentes sur le r\u00e9seau Internet ne sauraient engager la responsabilit\u00e9 de CheeseBox <br><strong> Propri\u00e9t\u00e9 intellectuelle<\/strong> :Tout le contenu du pr\u00e9sent site www.cheesebox.fr, incluant, de fa\u00e7on non limitative, les graphismes, images, textes, vid\u00e9os, animations, sons, logos, gifs et ic\u00f4nes ainsi que leur mise en forme sont la propri\u00e9t\u00e9 exclusive de la soci\u00e9t\u00e9 \u00e0 l\u2019exception des marques, logos ou contenus appartenant \u00e0 d\u2019autres soci\u00e9t\u00e9s partenaires ou auteurs.Toute reproduction, distribution, modification, adaptation, retransmission ou publication, m\u00eame partielle, de ces diff\u00e9rents \u00e9l\u00e9ments est strictement interdite sans l\u2019accord expr\u00e8s par \u00e9crit de CheeseBox. Cette repr\u00e9sentation ou reproduction, par quelque proc\u00e9d\u00e9 que ce soit, constitue une contrefa\u00e7on sanctionn\u00e9e par les articles L.335-2 et suivants du Code de la propri\u00e9t\u00e9 intellectuelle. Le non-respect de cette interdiction constitue une contrefa\u00e7on pouvant engager la responsabilit\u00e9 civile et p\u00e9nale du contrefacteur. En outre, les propri\u00e9taires des Contenus copi\u00e9s pourraient intenter une action en justice \u00e0 votre encontre.<br><strong> Litiges <\/strong>: Les pr\u00e9sentes conditions du site www.cheesebox.fr sont r\u00e9gies par les lois fran\u00e7aises et toute contestation ou litiges qui pourraient na\u00eetre de l\u2019interpr\u00e9tation ou de l\u2019ex\u00e9cution de celles-ci seront de la comp\u00e9tence exclusive des tribunaux dont d\u00e9pend le si\u00e8ge social de la soci\u00e9t\u00e9. La langue de r\u00e9f\u00e9rence, pour le r\u00e8glement de contentieux \u00e9ventuels, est le fran\u00e7ais.<br><strong> Donn\u00e9es personnelles <\/strong>:De mani\u00e8re g\u00e9n\u00e9rale, vous n\u2019\u00eates pas tenu de nous communiquer vos donn\u00e9es personnelles lorsque vous visitez notre site Internet www.cheesebox.fr.Cependant, ce principe comporte certaines exceptions. En effet, pour certains services propos\u00e9s par notre site, vous pouvez \u00eatre amen\u00e9s \u00e0 nous communiquer certaines donn\u00e9es telles que : votre nom, votre fonction, le nom de votre soci\u00e9t\u00e9, votre adresse \u00e9lectronique, et votre num\u00e9ro de t\u00e9l\u00e9phone. Tel est le cas lorsque vous remplissez le formulaire qui vous est propos\u00e9 en ligne, dans la rubrique \u00ab contact \u00bb.Dans tous les cas, vous pouvez refuser de fournir vos donn\u00e9es personnelles. Dans ce cas, vous ne pourrez pas utiliser les services du site, notamment celui de solliciter des renseignements sur notre soci\u00e9t\u00e9, ou de recevoir les lettres d\u2019information.Enfin, nous pouvons collecter de mani\u00e8re automatique certaines informations vous concernant lors d\u2019une simple navigation sur notre site Internet, notamment : des informations concernant l\u2019utilisation de notre site, comme les zones que vous visitez et les services auxquels vous acc\u00e9dez, votre adresse IP, le type de votre navigateur, vos temps d\u2019acc\u00e8s.De telles informations sont utilis\u00e9es exclusivement \u00e0 des fins de statistiques internes, de mani\u00e8re \u00e0 am\u00e9liorer la qualit\u00e9 des services qui vous sont propos\u00e9s. Les bases de donn\u00e9es sont prot\u00e9g\u00e9es par les dispositions de la loi du 1er juillet 1998 transposant la directive 96\/9 du 11 mars 1996 relative \u00e0 la protection juridique des bases de donn\u00e9es.<\/p>\n","protected":false},"excerpt":{"rendered":"<p>Politique des cookies Services fournis : L\u2019ensemble des activit\u00e9s de la soci\u00e9t\u00e9 ainsi que ses informations sont pr\u00e9sent\u00e9s sur notre site www.cheesebox.frCheeseBox [&hellip;]<\/p>\n","protected":false},"author":1,"featured_media":0,"parent":0,"menu_order":0,"comment_status":"closed","ping_status":"closed","template":"","meta":{"jetpack_post_was_ever_published":false,"footnotes":""},"class_list":["post-3586","page","type-page","status-publish","hentry"],"yoast_head":"<!-- This site is optimized with the Yoast SEO plugin v22.7 - https:\/\/yoast.com\/wordpress\/plugins\/seo\/ -->\n<title>Politique des cookies CheeseBox Cr\u00e9ation Graphique<\/title>\n<meta name=\"robots\" content=\"index, follow, max-snippet:-1, max-image-preview:large, max-video-preview:-1\" \/>\n<link rel=\"canonical\" href=\"https:\/\/www.cheesebox.fr\/?page_id=3586\" \/>\n<meta property=\"og:locale\" content=\"fr_FR\" \/>\n<meta property=\"og:type\" content=\"article\" \/>\n<meta property=\"og:title\" content=\"Politique des cookies CheeseBox Cr\u00e9ation Graphique\" \/>\n<meta property=\"og:description\" content=\"Politique des cookies Services fournis : L\u2019ensemble des activit\u00e9s de la soci\u00e9t\u00e9 ainsi que ses informations sont pr\u00e9sent\u00e9s sur notre site www.cheesebox.frCheeseBox [&hellip;]\" \/>\n<meta property=\"og:url\" content=\"https:\/\/www.cheesebox.fr\/?page_id=3586\" \/>\n<meta property=\"og:site_name\" content=\"CheeseBox Cr\u00e9ation Graphique\" \/>\n<meta property=\"article:modified_time\" content=\"2019-09-30T06:59:12+00:00\" \/>\n<meta name=\"twitter:card\" content=\"summary_large_image\" \/>\n<meta name=\"twitter:label1\" content=\"Dur\u00e9e de lecture estim\u00e9e\" \/>\n\t<meta name=\"twitter:data1\" content=\"4 minutes\" \/>\n<script type=\"application\/ld+json\" class=\"yoast-schema-graph\">{\"@context\":\"https:\/\/schema.org\",\"@graph\":[{\"@type\":\"WebPage\",\"@id\":\"https:\/\/www.cheesebox.fr\/?page_id=3586\",\"url\":\"https:\/\/www.cheesebox.fr\/?page_id=3586\",\"name\":\"Politique des cookies CheeseBox Cr\u00e9ation Graphique\",\"isPartOf\":{\"@id\":\"https:\/\/www.cheesebox.fr\/#website\"},\"datePublished\":\"2019-09-30T06:40:58+00:00\",\"dateModified\":\"2019-09-30T06:59:12+00:00\",\"breadcrumb\":{\"@id\":\"https:\/\/www.cheesebox.fr\/?page_id=3586#breadcrumb\"},\"inLanguage\":\"fr-FR\",\"potentialAction\":[{\"@type\":\"ReadAction\",\"target\":[\"https:\/\/www.cheesebox.fr\/?page_id=3586\"]}]},{\"@type\":\"BreadcrumbList\",\"@id\":\"https:\/\/www.cheesebox.fr\/?page_id=3586#breadcrumb\",\"itemListElement\":[{\"@type\":\"ListItem\",\"position\":1,\"name\":\"Accueil\",\"item\":\"https:\/\/www.cheesebox.fr\/\"},{\"@type\":\"ListItem\",\"position\":2,\"name\":\"Politique des cookies\"}]},{\"@type\":\"WebSite\",\"@id\":\"https:\/\/www.cheesebox.fr\/#website\",\"url\":\"https:\/\/www.cheesebox.fr\/\",\"name\":\"CheeseBox Cr\u00e9ation Graphique\",\"description\":\"\",\"publisher\":{\"@id\":\"https:\/\/www.cheesebox.fr\/#organization\"},\"potentialAction\":[{\"@type\":\"SearchAction\",\"target\":{\"@type\":\"EntryPoint\",\"urlTemplate\":\"https:\/\/www.cheesebox.fr\/?s={search_term_string}\"},\"query-input\":\"required name=search_term_string\"}],\"inLanguage\":\"fr-FR\"},{\"@type\":\"Organization\",\"@id\":\"https:\/\/www.cheesebox.fr\/#organization\",\"name\":\"CheeseBox Cr\u00e9ation Graphique\",\"url\":\"https:\/\/www.cheesebox.fr\/\",\"logo\":{\"@type\":\"ImageObject\",\"inLanguage\":\"fr-FR\",\"@id\":\"https:\/\/www.cheesebox.fr\/#\/schema\/logo\/image\/\",\"url\":\"https:\/\/i0.wp.com\/www.cheesebox.fr\/wp-content\/uploads\/2019\/07\/favicon1-cb.png?fit=512%2C512&ssl=1\",\"contentUrl\":\"https:\/\/i0.wp.com\/www.cheesebox.fr\/wp-content\/uploads\/2019\/07\/favicon1-cb.png?fit=512%2C512&ssl=1\",\"width\":512,\"height\":512,\"caption\":\"CheeseBox Cr\u00e9ation Graphique\"},\"image\":{\"@id\":\"https:\/\/www.cheesebox.fr\/#\/schema\/logo\/image\/\"}}]}<\/script>\n<!-- \/ Yoast SEO plugin. -->","yoast_head_json":{"title":"Politique des cookies CheeseBox Cr\u00e9ation Graphique","robots":{"index":"index","follow":"follow","max-snippet":"max-snippet:-1","max-image-preview":"max-image-preview:large","max-video-preview":"max-video-preview:-1"},"canonical":"https:\/\/www.cheesebox.fr\/?page_id=3586","og_locale":"fr_FR","og_type":"article","og_title":"Politique des cookies CheeseBox Cr\u00e9ation Graphique","og_description":"Politique des cookies Services fournis : L\u2019ensemble des activit\u00e9s de la soci\u00e9t\u00e9 ainsi que ses informations sont pr\u00e9sent\u00e9s sur notre site www.cheesebox.frCheeseBox [&hellip;]","og_url":"https:\/\/www.cheesebox.fr\/?page_id=3586","og_site_name":"CheeseBox Cr\u00e9ation Graphique","article_modified_time":"2019-09-30T06:59:12+00:00","twitter_card":"summary_large_image","twitter_misc":{"Dur\u00e9e de lecture estim\u00e9e":"4 minutes"},"schema":{"@context":"https:\/\/schema.org","@graph":[{"@type":"WebPage","@id":"https:\/\/www.cheesebox.fr\/?page_id=3586","url":"https:\/\/www.cheesebox.fr\/?page_id=3586","name":"Politique des cookies CheeseBox Cr\u00e9ation Graphique","isPartOf":{"@id":"https:\/\/www.cheesebox.fr\/#website"},"datePublished":"2019-09-30T06:40:58+00:00","dateModified":"2019-09-30T06:59:12+00:00","breadcrumb":{"@id":"https:\/\/www.cheesebox.fr\/?page_id=3586#breadcrumb"},"inLanguage":"fr-FR","potentialAction":[{"@type":"ReadAction","target":["https:\/\/www.cheesebox.fr\/?page_id=3586"]}]},{"@type":"BreadcrumbList","@id":"https:\/\/www.cheesebox.fr\/?page_id=3586#breadcrumb","itemListElement":[{"@type":"ListItem","position":1,"name":"Accueil","item":"https:\/\/www.cheesebox.fr\/"},{"@type":"ListItem","position":2,"name":"Politique des cookies"}]},{"@type":"WebSite","@id":"https:\/\/www.cheesebox.fr\/#website","url":"https:\/\/www.cheesebox.fr\/","name":"CheeseBox Cr\u00e9ation Graphique","description":"","publisher":{"@id":"https:\/\/www.cheesebox.fr\/#organization"},"potentialAction":[{"@type":"SearchAction","target":{"@type":"EntryPoint","urlTemplate":"https:\/\/www.cheesebox.fr\/?s={search_term_string}"},"query-input":"required name=search_term_string"}],"inLanguage":"fr-FR"},{"@type":"Organization","@id":"https:\/\/www.cheesebox.fr\/#organization","name":"CheeseBox Cr\u00e9ation Graphique","url":"https:\/\/www.cheesebox.fr\/","logo":{"@type":"ImageObject","inLanguage":"fr-FR","@id":"https:\/\/www.cheesebox.fr\/#\/schema\/logo\/image\/","url":"https:\/\/i0.wp.com\/www.cheesebox.fr\/wp-content\/uploads\/2019\/07\/favicon1-cb.png?fit=512%2C512&ssl=1","contentUrl":"https:\/\/i0.wp.com\/www.cheesebox.fr\/wp-content\/uploads\/2019\/07\/favicon1-cb.png?fit=512%2C512&ssl=1","width":512,"height":512,"caption":"CheeseBox Cr\u00e9ation Graphique"},"image":{"@id":"https:\/\/www.cheesebox.fr\/#\/schema\/logo\/image\/"}}]}},"jetpack_sharing_enabled":true,"jetpack_shortlink":"https:\/\/wp.me\/P7rwwD-VQ","jetpack-related-posts":[],"_links":{"self":[{"href":"https:\/\/www.cheesebox.fr\/index.php?rest_route=\/wp\/v2\/pages\/3586","targetHints":{"allow":["GET"]}}],"collection":[{"href":"https:\/\/www.cheesebox.fr\/index.php?rest_route=\/wp\/v2\/pages"}],"about":[{"href":"https:\/\/www.cheesebox.fr\/index.php?rest_route=\/wp\/v2\/types\/page"}],"author":[{"embeddable":true,"href":"https:\/\/www.cheesebox.fr\/index.php?rest_route=\/wp\/v2\/users\/1"}],"replies":[{"embeddable":true,"href":"https:\/\/www.cheesebox.fr\/index.php?rest_route=%2Fwp%2Fv2%2Fcomments&post=3586"}],"version-history":[{"count":3,"href":"https:\/\/www.cheesebox.fr\/index.php?rest_route=\/wp\/v2\/pages\/3586\/revisions"}],"predecessor-version":[{"id":3589,"href":"https:\/\/www.cheesebox.fr\/index.php?rest_route=\/wp\/v2\/pages\/3586\/revisions\/3589"}],"wp:attachment":[{"href":"https:\/\/www.cheesebox.fr\/index.php?rest_route=%2Fwp%2Fv2%2Fmedia&parent=3586"}],"curies":[{"name":"wp","href":"https:\/\/api.w.org\/{rel}","templated":true}]}}